{"id":35,"date":"2023-03-13T02:12:54","date_gmt":"2023-03-13T01:12:54","guid":{"rendered":"https:\/\/dev.unicope.com\/?page_id=35"},"modified":"2024-12-18T01:15:27","modified_gmt":"2024-12-18T00:15:27","slug":"impressum","status":"publish","type":"page","link":"https:\/\/dev.unicope.com\/at\/impressum\/","title":{"rendered":"Impressum"},"content":{"rendered":"\t\t<div data-elementor-type=\"wp-page\" data-elementor-id=\"35\" class=\"elementor elementor-35\" data-elementor-settings=\"{&quot;ha_cmc_init_switcher&quot;:&quot;no&quot;}\" data-elementor-post-type=\"page\">\n\t\t\t\t\t\t<div class=\"elementor-section elementor-top-section elementor-element elementor-element-dff3537 elementor-section-full_width elementor-section-height-default elementor-section-height-default wpr-particle-no wpr-jarallax-no wpr-parallax-no wpr-sticky-section-no\" data-id=\"dff3537\" data-element_type=\"section\" data-settings=\"{&quot;_ha_eqh_enable&quot;:false}\">\n\t\t\t\t\t\t<div class=\"elementor-container elementor-column-gap-no\">\n\t\t\t\t\t<div class=\"elementor-column elementor-col-100 elementor-top-column elementor-element elementor-element-64d20f4\" data-id=\"64d20f4\" data-element_type=\"column\">\n\t\t\t<div class=\"elementor-widget-wrap elementor-element-populated\">\n\t\t\t\t\t\t<div class=\"elementor-element elementor-element-fc52348 elementor-widget elementor-widget-template\" data-id=\"fc52348\" data-element_type=\"widget\" data-widget_type=\"template.default\">\n\t\t\t\t<div class=\"elementor-widget-container\">\n\t\t\t\t\t\t\t<div class=\"elementor-template\">\n\t\t\t\t\t<div data-elementor-type=\"section\" data-elementor-id=\"210\" class=\"elementor elementor-210\" data-elementor-settings=\"{&quot;ha_cmc_init_switcher&quot;:&quot;no&quot;}\" data-elementor-post-type=\"elementor_library\">\n\t\t\t\t\t<div class=\"elementor-section elementor-top-section elementor-element elementor-element-26e9414 elementor-hidden-mobile elementor-section-boxed elementor-section-height-default elementor-section-height-default wpr-particle-no wpr-jarallax-no wpr-parallax-no wpr-sticky-section-no\" data-id=\"26e9414\" data-element_type=\"section\" id=\"fixed-sidebar\" data-settings=\"{&quot;animation&quot;:&quot;none&quot;,&quot;_ha_eqh_enable&quot;:false}\">\n\t\t\t\t\t\t<div class=\"elementor-container elementor-column-gap-no\">\n\t\t\t\t\t<div class=\"elementor-column elementor-col-100 elementor-top-column elementor-element elementor-element-0160550\" data-id=\"0160550\" data-element_type=\"column\" data-settings=\"{&quot;background_background&quot;:&quot;classic&quot;}\">\n\t\t\t<div class=\"elementor-widget-wrap elementor-element-populated\">\n\t\t\t\t\t\t<div class=\"elementor-element elementor-element-b5db3c4 elementor-widget__width-initial elementor-widget elementor-widget-shortcode\" data-id=\"b5db3c4\" data-element_type=\"widget\" data-settings=\"{&quot;_animation&quot;:&quot;none&quot;}\" data-widget_type=\"shortcode.default\">\n\t\t\t\t<div class=\"elementor-widget-container\">\n\t\t\t\t\t\t\t<div class=\"elementor-shortcode\">[custom_fixed_sidebar]<\/div>\n\t\t\t\t\t\t<\/div>\n\t\t\t\t<\/div>\n\t\t\t\t<section class=\"elementor-section elementor-inner-section elementor-element elementor-element-1fbc3cd elementor-section-boxed elementor-section-height-default elementor-section-height-default wpr-particle-no wpr-jarallax-no wpr-parallax-no wpr-sticky-section-no\" data-id=\"1fbc3cd\" data-element_type=\"section\" data-settings=\"{&quot;background_background&quot;:&quot;classic&quot;,&quot;_ha_eqh_enable&quot;:false}\">\n\t\t\t\t\t\t<div class=\"elementor-container elementor-column-gap-narrow\">\n\t\t\t\t\t<div class=\"make-column-clickable-elementor elementor-column elementor-col-100 elementor-inner-column elementor-element elementor-element-2e519ea sidebar-kontakt hover-grow\" style=\"cursor: pointer;\" data-column-clickable=\"\/at\/kontakt\/\" data-column-clickable-blank=\"_self\" data-id=\"2e519ea\" data-element_type=\"column\" data-settings=\"{&quot;background_background&quot;:&quot;classic&quot;}\">\n\t\t\t<div class=\"elementor-widget-wrap elementor-element-populated\">\n\t\t\t\t\t\t<div class=\"elementor-element elementor-element-3ec2fa1 elementor-widget elementor-widget-text-editor\" data-id=\"3ec2fa1\" data-element_type=\"widget\" data-widget_type=\"text-editor.default\">\n\t\t\t\t<div class=\"elementor-widget-container\">\n\t\t\t\t\t\t\t\t\t<p>JETZT ANFRAGEN<\/p>\t\t\t\t\t\t\t\t<\/div>\n\t\t\t\t<\/div>\n\t\t\t\t\t<\/div>\n\t\t<\/div>\n\t\t\t\t\t<\/div>\n\t\t<\/section>\n\t\t\t\t\t<\/div>\n\t\t<\/div>\n\t\t\t\t\t<\/div>\n\t\t<\/div>\n\t\t\t\t<div class=\"make-column-clickable-elementor elementor-section elementor-top-section elementor-element elementor-element-44af19c elementor-hidden-mobile elementor-section-boxed elementor-section-height-default elementor-section-height-default wpr-particle-no wpr-jarallax-no wpr-parallax-no wpr-sticky-section-no\" style=\"cursor: pointer;\" data-column-clickable=\"https:\/\/www.verbund.com\/de\/privat\/strom\/v-strom-connect#detailsmobilfunk\" data-column-clickable-blank=\"_self\" data-id=\"44af19c\" data-element_type=\"section\" data-settings=\"{&quot;animation&quot;:&quot;none&quot;,&quot;_ha_eqh_enable&quot;:false}\">\n\t\t\t\t\t\t<div class=\"elementor-container elementor-column-gap-no\">\n\t\t\t\t\t<div class=\"elementor-column elementor-col-100 elementor-top-column elementor-element elementor-element-0348c10\" data-id=\"0348c10\" data-element_type=\"column\" data-settings=\"{&quot;background_background&quot;:&quot;classic&quot;}\">\n\t\t\t<div class=\"elementor-widget-wrap elementor-element-populated\">\n\t\t\t\t\t\t<section class=\"elementor-section elementor-inner-section elementor-element elementor-element-9c0da3d elementor-section-boxed elementor-section-height-default elementor-section-height-default wpr-particle-no wpr-jarallax-no wpr-parallax-no wpr-sticky-section-no\" data-id=\"9c0da3d\" data-element_type=\"section\" data-settings=\"{&quot;background_background&quot;:&quot;classic&quot;,&quot;_ha_eqh_enable&quot;:false}\">\n\t\t\t\t\t\t<div class=\"elementor-container elementor-column-gap-narrow\">\n\t\t\t\t\t<div class=\"make-column-clickable-elementor elementor-column elementor-col-100 elementor-inner-column elementor-element elementor-element-11d8d3f sidebar-kontakt hover-grow\" style=\"cursor: pointer;\" data-column-clickable=\"https:\/\/www.verbund.com\/de\/privat\/strom\/v-strom-connect#detailsmobilfunk\" data-column-clickable-blank=\"_self\" data-id=\"11d8d3f\" data-element_type=\"column\" data-settings=\"{&quot;background_background&quot;:&quot;classic&quot;}\">\n\t\t\t<div class=\"elementor-widget-wrap elementor-element-populated\">\n\t\t\t\t\t\t<div data-ha-element-link=\"{&quot;url&quot;:&quot;https:\\\/\\\/www.verbund.com\\\/de\\\/privat\\\/strom\\\/v-strom-connect#detailsmobilfunk&quot;,&quot;is_external&quot;:&quot;on&quot;,&quot;nofollow&quot;:&quot;&quot;}\" style=\"cursor: pointer\" class=\"elementor-element elementor-element-1a06032 elementor-widget elementor-widget-text-editor\" data-id=\"1a06032\" data-element_type=\"widget\" data-widget_type=\"text-editor.default\">\n\t\t\t\t<div class=\"elementor-widget-container\">\n\t\t\t\t\t\t\t\t\t<p>V-Strom CONNECT <br \/>by VERBUND<\/p>\t\t\t\t\t\t\t\t<\/div>\n\t\t\t\t<\/div>\n\t\t\t\t\t<\/div>\n\t\t<\/div>\n\t\t\t\t\t<\/div>\n\t\t<\/section>\n\t\t\t\t\t<\/div>\n\t\t<\/div>\n\t\t\t\t\t<\/div>\n\t\t<\/div>\n\t\t\t\t<\/div>\n\t\t\t\t<\/div>\n\t\t\t\t\t\t<\/div>\n\t\t\t\t<\/div>\n\t\t\t\t\t<\/div>\n\t\t<\/div>\n\t\t\t\t\t<\/div>\n\t\t<\/div>\n\t\t\t\t<section class=\"elementor-section elementor-top-section elementor-element elementor-element-31b478e elementor-section-boxed elementor-section-height-default elementor-section-height-default wpr-particle-no wpr-jarallax-no wpr-parallax-no wpr-sticky-section-no\" data-id=\"31b478e\" data-element_type=\"section\" data-settings=\"{&quot;background_background&quot;:&quot;classic&quot;,&quot;_ha_eqh_enable&quot;:false}\">\n\t\t\t\t\t\t<div class=\"elementor-container elementor-column-gap-default\">\n\t\t\t\t\t<section class=\"elementor-column elementor-col-100 elementor-top-column elementor-element elementor-element-3790a8f\" data-id=\"3790a8f\" data-element_type=\"column\">\n\t\t\t<div class=\"elementor-widget-wrap elementor-element-populated\">\n\t\t\t\t\t\t<div class=\"elementor-element elementor-element-2cb65a0 elementor-widget elementor-widget-heading\" data-id=\"2cb65a0\" data-element_type=\"widget\" data-widget_type=\"heading.default\">\n\t\t\t\t<div class=\"elementor-widget-container\">\n\t\t\t\t\t<h1 class=\"elementor-heading-title elementor-size-xl\">Impressum &amp; AGB<\/h1>\t\t\t\t<\/div>\n\t\t\t\t<\/div>\n\t\t\t\t<div class=\"elementor-element elementor-element-7b12845 elementor-widget elementor-widget-text-editor\" data-id=\"7b12845\" data-element_type=\"widget\" data-widget_type=\"text-editor.default\">\n\t\t\t\t<div class=\"elementor-widget-container\">\n\t\t\t\t\t\t\t\t\t<p><strong>Betreiber\/Verantwortlicher f\u00fcr den Inhalt<\/strong><br \/>UNICOPE GmbH<br \/>Pfongauer Stra\u00dfe 67<br \/>5202 Neumarkt am Wallersee<br \/>\u00d6sterreich<\/p><p>Telefon: +43 5 06216-0<br \/>Fax: +43 5 06216-9124<br \/>E-Mail:\u00a0<a href=\"mailto:office@unicope.com\">office@unicope.com<\/a><br \/>Web:\u00a0<a href=\"https:\/\/dev.unicope.com\/\" target=\"_blank\" rel=\"noopener\">www.unicope.com<\/a><\/p><p><strong>Gesch\u00e4ftsf\u00fchrer<\/strong><br \/>DI (FH) Johannes Marschner<\/p><p>Prokurist DI Peter Bauer<\/p><p><strong>Firmenbuchnummer<\/strong><br \/>FN 322728a<\/p><p><strong>Firmenbuchgericht<\/strong><br \/>Landesgericht Salzburg<\/p><p><strong>Wirtschaftskammer<br \/><\/strong>Fachgruppe 704<br \/>Unternehmensberatung und Informationstechnologie Mitgl. Nr.: 134490<br \/>Mitglied der Wirtschaftskammer Salzburg,\u00a0<a href=\"https:\/\/www.wko.at\/\" target=\"_blank\" rel=\"noopener\">www.wko.at<\/a><\/p><p><strong>Umsatzsteuer-Identifikationsnummer<\/strong><br \/>ATU64785735<strong><br \/><\/strong><\/p><p><strong>Gewerbebezeichnung<br \/><\/strong>Dienstleistungen in der automatischen Datenverarbeitung und Informationstechnik<br \/>Register Nr. 503\/130547<\/p><p><strong>Statistik Austria<br \/><\/strong>\u00d6NACE\u00a0 J 62.01-0 Programmiert\u00e4tigkeiten<\/p><p><strong>Datenverarbeitungsregister<\/strong><br \/>DVR: 4013966<\/p><p><strong>Aufsichtsbeh\u00f6rde gem\u00e4\u00df \u00a75 Abs. 1 Z 5 E-CommerceG:<\/strong><br \/>Rundfunk und Telekom Regulierungs-GmbH (RTR)<\/p><p><strong>Beh\u00f6rde gem\u00e4\u00df \u00a75 ECG<br \/><\/strong>Bezirkshauptmannschaft Salzburg-Umgebung<\/p><p><strong>Berufsrechtliche Vorschriften<\/strong><br \/>Gewerbeordnung 1994 (siehe\u00a0<a href=\"http:\/\/www.ris.bka.gv.at\/\" target=\"_blank\" rel=\"noopener\">www.ris.bka.gv.at<\/a>)<\/p><p><strong>Datenschutzerkl\u00e4rung<\/strong><br \/><a href=\"\/at\/datenschutz\/\">Mehr Informationen<\/a><\/p><p><strong>Rechtliche Informationen<br \/><\/strong>Informationen<\/p><p><strong>Eintrag bei WK \u00d6sterreich<br \/><\/strong><a href=\"https:\/\/firmen.wko.at\/Web\/DetailsKontakt.aspx?FirmaID=18475273-5073-4668-9d01-fd1fa559de00&amp;amp;StandortID=0&amp;amp;Suchbegriff=unicope\" target=\"_blank\" rel=\"noopener\">UNICOPE GmbH<\/a><\/p><p><strong>Bildernachweis:<\/strong><\/p><p>pixabay.de, fotolia.de, Adobe Stock<\/p>\t\t\t\t\t\t\t\t<\/div>\n\t\t\t\t<\/div>\n\t\t\t\t<div class=\"elementor-element elementor-element-021e31d elementor-widget elementor-widget-heading\" data-id=\"021e31d\" data-element_type=\"widget\" data-widget_type=\"heading.default\">\n\t\t\t\t<div class=\"elementor-widget-container\">\n\t\t\t\t\t<h2 class=\"elementor-heading-title elementor-size-xl\">Allgemeine Gesch\u00e4ftsbedingungen<\/h2>\t\t\t\t<\/div>\n\t\t\t\t<\/div>\n\t\t\t\t<div class=\"elementor-element elementor-element-f1b8c0f elementor-widget elementor-widget-text-editor\" data-id=\"f1b8c0f\" data-element_type=\"widget\" data-widget_type=\"text-editor.default\">\n\t\t\t\t<div class=\"elementor-widget-container\">\n\t\t\t\t\t\t\t\t\t<p>Die aktuellen Allgemeinen Gesch\u00e4ftsbedingungen finden Sie nachstehen als Download (PDF).<\/p>\t\t\t\t\t\t\t\t<\/div>\n\t\t\t\t<\/div>\n\t\t\t\t<div class=\"elementor-element elementor-element-7c9a58c elementor-widget elementor-widget-button\" data-id=\"7c9a58c\" data-element_type=\"widget\" data-widget_type=\"button.default\">\n\t\t\t\t<div class=\"elementor-widget-container\">\n\t\t\t\t\t\t\t\t\t<div class=\"elementor-button-wrapper\">\n\t\t\t\t\t<a class=\"elementor-button elementor-button-link elementor-size-sm\" href=\"https:\/\/dev.unicope.com\/wp-content\/uploads\/2023\/05\/Unicope_AGB-gueltig-ab-Juni18.pdf\" target=\"_blank\">\n\t\t\t\t\t\t<span class=\"elementor-button-content-wrapper\">\n\t\t\t\t\t\t\t\t\t<span class=\"elementor-button-text\">AGB Download<\/span>\n\t\t\t\t\t<\/span>\n\t\t\t\t\t<\/a>\n\t\t\t\t<\/div>\n\t\t\t\t\t\t\t\t<\/div>\n\t\t\t\t<\/div>\n\t\t\t\t\t<\/div>\n\t\t<\/section>\n\t\t\t\t\t<\/div>\n\t\t<\/section>\n\t\t\t\t<\/div>\n\t\t","protected":false},"excerpt":{"rendered":"","protected":false},"author":6,"featured_media":0,"parent":0,"menu_order":0,"comment_status":"closed","ping_status":"closed","template":"","meta":{"_acf_changed":false,"footnotes":""},"class_list":["post-35","page","type-page","status-publish","hentry"],"acf":[],"_links":{"self":[{"href":"https:\/\/dev.unicope.com\/at\/wp-json\/wp\/v2\/pages\/35","targetHints":{"allow":["GET"]}}],"collection":[{"href":"https:\/\/dev.unicope.com\/at\/wp-json\/wp\/v2\/pages"}],"about":[{"href":"https:\/\/dev.unicope.com\/at\/wp-json\/wp\/v2\/types\/page"}],"author":[{"embeddable":true,"href":"https:\/\/dev.unicope.com\/at\/wp-json\/wp\/v2\/users\/6"}],"replies":[{"embeddable":true,"href":"https:\/\/dev.unicope.com\/at\/wp-json\/wp\/v2\/comments?post=35"}],"version-history":[{"count":33,"href":"https:\/\/dev.unicope.com\/at\/wp-json\/wp\/v2\/pages\/35\/revisions"}],"predecessor-version":[{"id":27764,"href":"https:\/\/dev.unicope.com\/at\/wp-json\/wp\/v2\/pages\/35\/revisions\/27764"}],"wp:attachment":[{"href":"https:\/\/dev.unicope.com\/at\/wp-json\/wp\/v2\/media?parent=35"}],"curies":[{"name":"wp","href":"https:\/\/api.w.org\/{rel}","templated":true}]}}